{"id":49,"date":"2020-02-26T13:40:42","date_gmt":"2020-02-26T13:40:42","guid":{"rendered":"http:\/\/prdesign.fi\/?page_id=49"},"modified":"2020-11-13T14:52:28","modified_gmt":"2020-11-13T12:52:28","slug":"start","status":"publish","type":"page","link":"https:\/\/prdesign.fi\/fi\/","title":{"rendered":"Alkusivu"},"content":{"rendered":"<div data-elementor-type=\"wp-page\" data-elementor-id=\"49\" class=\"elementor elementor-49\" data-elementor-post-type=\"page\">\n\t\t\t\t\t\t<section class=\"elementor-section elementor-top-section elementor-element elementor-element-7f74e883 elementor-section-boxed elementor-section-height-default elementor-section-height-default\" data-id=\"7f74e883\" data-element_type=\"section\" data-settings=\"{&quot;background_background&quot;:&quot;classic&quot;,&quot;background_motion_fx_motion_fx_scrolling&quot;:&quot;yes&quot;,&quot;background_motion_fx_translateY_effect&quot;:&quot;yes&quot;,&quot;animation&quot;:&quot;none&quot;,&quot;background_motion_fx_translateY_speed&quot;:{&quot;unit&quot;:&quot;px&quot;,&quot;size&quot;:1.9,&quot;sizes&quot;:[]},&quot;background_motion_fx_translateY_affectedRange&quot;:{&quot;unit&quot;:&quot;%&quot;,&quot;size&quot;:&quot;&quot;,&quot;sizes&quot;:{&quot;start&quot;:0,&quot;end&quot;:100}},&quot;background_motion_fx_devices&quot;:[&quot;desktop&quot;,&quot;tablet&quot;,&quot;mobile&quot;]}\">\n\t\t\t\t\t\t\t<div class=\"elementor-background-overlay\"><\/div>\n\t\t\t\t\t\t\t<div class=\"elementor-container elementor-column-gap-default\">\n\t\t\t\t\t<div class=\"elementor-column elementor-col-100 elementor-top-column elementor-element elementor-element-4d4de673\" data-id=\"4d4de673\" data-element_type=\"column\">\n\t\t\t<div class=\"elementor-widget-wrap elementor-element-populated\">\n\t\t\t\t\t\t<div class=\"elementor-element elementor-element-331e42c8 elementor-invisible elementor-widget elementor-widget-heading\" data-id=\"331e42c8\" data-element_type=\"widget\" data-settings=\"{&quot;_animation&quot;:&quot;fadeIn&quot;,&quot;_animation_delay&quot;:100}\" data-widget_type=\"heading.default\">\n\t\t\t\t<div class=\"elementor-widget-container\">\n\t\t\t<div class=\"elementor-heading-title elementor-size-default\">Korkealuokkaiset modulaarirakennukset kemi\u00f6nsaarelta<\/div>\t\t<\/div>\n\t\t\t\t<\/div>\n\t\t\t\t<div class=\"elementor-element elementor-element-14cc0fb6 elementor-invisible elementor-widget elementor-widget-heading\" data-id=\"14cc0fb6\" data-element_type=\"widget\" data-settings=\"{&quot;_animation&quot;:&quot;fadeIn&quot;,&quot;_animation_delay&quot;:200}\" data-widget_type=\"heading.default\">\n\t\t\t\t<div class=\"elementor-widget-container\">\n\t\t\t<h2 class=\"elementor-heading-title elementor-size-default\">Valmistamme laadukkaita pienempi\u00e4 varastorakennuksia, vierasm\u00f6kkej\u00e4, saunoja ja vastaavia moduuleina. <br>Kuljetus tontille kokonaisina rakennuksina tai pienempin\u00e4 moduuleina. My\u00f6s saaristossa.<\/h2>\t\t<\/div>\n\t\t\t\t<\/div>\n\t\t\t\t<div class=\"elementor-element elementor-element-6c9ecfb0 elementor-widget-divider--view-line elementor-invisible elementor-widget elementor-widget-divider\" data-id=\"6c9ecfb0\" data-element_type=\"widget\" data-settings=\"{&quot;_animation&quot;:&quot;fadeIn&quot;,&quot;_animation_delay&quot;:300}\" data-widget_type=\"divider.default\">\n\t\t\t\t<div class=\"elementor-widget-container\">\n\t\t\t\t\t<div class=\"elementor-divider\">\n\t\t\t<span class=\"elementor-divider-separator\">\n\t\t\t\t\t\t<\/span>\n\t\t<\/div>\n\t\t\t\t<\/div>\n\t\t\t\t<\/div>\n\t\t\t\t<section class=\"elementor-section elementor-inner-section elementor-element elementor-element-6891baa8 elementor-section-boxed elementor-section-height-default elementor-section-height-default elementor-invisible\" data-id=\"6891baa8\" data-element_type=\"section\" data-settings=\"{&quot;animation&quot;:&quot;fadeIn&quot;,&quot;animation_delay&quot;:400}\">\n\t\t\t\t\t\t<div class=\"elementor-container elementor-column-gap-extended\">\n\t\t\t\t\t<div class=\"elementor-column elementor-col-50 elementor-inner-column elementor-element elementor-element-7098898a\" data-id=\"7098898a\" data-element_type=\"column\">\n\t\t\t<div class=\"elementor-widget-wrap elementor-element-populated\">\n\t\t\t\t\t\t<div class=\"elementor-element elementor-element-a4d354d elementor-align-right elementor-mobile-align-justify elementor-widget elementor-widget-button\" data-id=\"a4d354d\" data-element_type=\"widget\" data-widget_type=\"button.default\">\n\t\t\t\t<div class=\"elementor-widget-container\">\n\t\t\t\t\t<div class=\"elementor-button-wrapper\">\n\t\t\t<a class=\"elementor-button elementor-button-link elementor-size-md\" href=\"https:\/\/prdesign.fi\/fi\/kontakt\/\">\n\t\t\t\t\t\t<span class=\"elementor-button-content-wrapper\">\n\t\t\t\t\t\t\t\t\t<span class=\"elementor-button-text\">Yhteydenotot<\/span>\n\t\t\t\t\t<\/span>\n\t\t\t\t\t<\/a>\n\t\t<\/div>\n\t\t\t\t<\/div>\n\t\t\t\t<\/div>\n\t\t\t\t\t<\/div>\n\t\t<\/div>\n\t\t\t\t<div class=\"elementor-column elementor-col-50 elementor-inner-column elementor-element elementor-element-6ebf785f\" data-id=\"6ebf785f\" data-element_type=\"column\">\n\t\t\t<div class=\"elementor-widget-wrap elementor-element-populated\">\n\t\t\t\t\t\t<div class=\"elementor-element elementor-element-4d661101 elementor-align-left elementor-mobile-align-justify elementor-widget elementor-widget-button\" data-id=\"4d661101\" data-element_type=\"widget\" data-widget_type=\"button.default\">\n\t\t\t\t<div class=\"elementor-widget-container\">\n\t\t\t\t\t<div class=\"elementor-button-wrapper\">\n\t\t\t<a class=\"elementor-button elementor-button-link elementor-size-md\" href=\"#more\">\n\t\t\t\t\t\t<span class=\"elementor-button-content-wrapper\">\n\t\t\t\t\t\t\t\t\t<span class=\"elementor-button-text\">Lue lis\u00e4\u00e4<\/span>\n\t\t\t\t\t<\/span>\n\t\t\t\t\t<\/a>\n\t\t<\/div>\n\t\t\t\t<\/div>\n\t\t\t\t<\/div>\n\t\t\t\t\t<\/div>\n\t\t<\/div>\n\t\t\t\t\t<\/div>\n\t\t<\/section>\n\t\t\t\t\t<\/div>\n\t\t<\/div>\n\t\t\t\t\t<\/div>\n\t\t<\/section>\n\t\t\t\t<section class=\"elementor-section elementor-top-section elementor-element elementor-element-71d99079 elementor-section-content-middle elementor-section-boxed elementor-section-height-default elementor-section-height-default\" data-id=\"71d99079\" data-element_type=\"section\">\n\t\t\t\t\t\t\t<div class=\"elementor-background-overlay\"><\/div>\n\t\t\t\t\t\t\t<div class=\"elementor-container elementor-column-gap-no\">\n\t\t\t\t\t<div class=\"elementor-column elementor-col-100 elementor-top-column elementor-element elementor-element-688ce896\" data-id=\"688ce896\" data-element_type=\"column\">\n\t\t\t<div class=\"elementor-widget-wrap elementor-element-populated\">\n\t\t\t\t\t\t<div class=\"elementor-element elementor-element-f382adc elementor-widget elementor-widget-menu-anchor\" data-id=\"f382adc\" data-element_type=\"widget\" data-widget_type=\"menu-anchor.default\">\n\t\t\t\t<div class=\"elementor-widget-container\">\n\t\t\t\t\t<div class=\"elementor-menu-anchor\" id=\"more\"><\/div>\n\t\t\t\t<\/div>\n\t\t\t\t<\/div>\n\t\t\t\t<div class=\"elementor-element elementor-element-1a09ab6a elementor-invisible elementor-widget elementor-widget-text-editor\" data-id=\"1a09ab6a\" data-element_type=\"widget\" data-settings=\"{&quot;_animation&quot;:&quot;fadeIn&quot;}\" data-widget_type=\"text-editor.default\">\n\t\t\t\t<div class=\"elementor-widget-container\">\n\t\t\t\t\t\t\t<p style=\"text-align: left;\">Puttes och Rolles Design, PR Design, valmistaa varastoja ja muita ulkorakennuksia moduuleina tilauksesta. Valmistus tapahtuu omissa tuotantotiloissa osoitteessa Norrskogsv\u00e4gen 1, Dragsfj\u00e4rd, Kemi\u00f6nsaaren kunnassa.<\/p><p style=\"text-align: left;\">Yrityksen takana ovat Kurt \u201cPutte\u201d Dahlqvist ja Roland \u201cRolle\u201d Malmberg.<\/p><p style=\"text-align: left;\">Tuotteemme valmistetaan huolellisesti alusta loppuun, haluamme olla ylpeit\u00e4 tuotteistamme ja rakennamme ne kest\u00e4m\u00e4\u00e4n vuosikymmeni\u00e4. Valitse <a href=\"https:\/\/prdesign.fi\/fi\/special\/\">Valmiista malleistamme<\/a> tai kerro toiveesi ja rakennamme ne r\u00e4\u00e4t\u00e4l\u00f6ityin\u00e4 juuri sinulle.<\/p>\t\t\t\t\t\t<\/div>\n\t\t\t\t<\/div>\n\t\t\t\t<div class=\"elementor-element elementor-element-ec1cbfb animated-slow elementor-invisible elementor-widget elementor-widget-gallery\" data-id=\"ec1cbfb\" data-element_type=\"widget\" data-settings=\"{&quot;gallery_layout&quot;:&quot;justified&quot;,&quot;overlay_title&quot;:&quot;title&quot;,&quot;_animation&quot;:&quot;fadeIn&quot;,&quot;_animation_delay&quot;:0,&quot;ideal_row_height&quot;:{&quot;unit&quot;:&quot;px&quot;,&quot;size&quot;:200,&quot;sizes&quot;:[]},&quot;ideal_row_height_tablet&quot;:{&quot;unit&quot;:&quot;px&quot;,&quot;size&quot;:150,&quot;sizes&quot;:[]},&quot;ideal_row_height_mobile&quot;:{&quot;unit&quot;:&quot;px&quot;,&quot;size&quot;:150,&quot;sizes&quot;:[]},&quot;gap&quot;:{&quot;unit&quot;:&quot;px&quot;,&quot;size&quot;:10,&quot;sizes&quot;:[]},&quot;gap_tablet&quot;:{&quot;unit&quot;:&quot;px&quot;,&quot;size&quot;:10,&quot;sizes&quot;:[]},&quot;gap_mobile&quot;:{&quot;unit&quot;:&quot;px&quot;,&quot;size&quot;:10,&quot;sizes&quot;:[]},&quot;link_to&quot;:&quot;file&quot;,&quot;overlay_background&quot;:&quot;yes&quot;,&quot;content_hover_animation&quot;:&quot;fade-in&quot;}\" data-widget_type=\"gallery.default\">\n\t\t\t\t<div class=\"elementor-widget-container\">\n\t\t\t\t\t<div class=\"elementor-gallery__container\">\n\t\t\t\t\t\t\t<a class=\"e-gallery-item elementor-gallery-item elementor-animated-content\" href=\"https:\/\/prdesign.fi\/wp-content\/uploads\/2020\/10\/3.jpg\" data-elementor-open-lightbox=\"yes\" data-elementor-lightbox-slideshow=\"ec1cbfb\" data-elementor-lightbox-title=\"F\u00f6rr\u00e5d Varasto\" data-e-action-hash=\"#elementor-action%3Aaction%3Dlightbox%26settings%3DeyJpZCI6MTI5NCwidXJsIjoiaHR0cHM6XC9cL3ByZGVzaWduLmZpXC93cC1jb250ZW50XC91cGxvYWRzXC8yMDIwXC8xMFwvMy5qcGciLCJzbGlkZXNob3ciOiJlYzFjYmZiIn0%3D\">\n\t\t\t\t\t<div class=\"e-gallery-image elementor-gallery-item__image\" data-thumbnail=\"https:\/\/prdesign.fi\/wp-content\/uploads\/2020\/10\/3-300x255.jpg\" data-width=\"300\" data-height=\"255\" aria-label=\"F\u00f6rr\u00e5d Varasto\" role=\"img\" ><\/div>\n\t\t\t\t\t\t\t\t\t\t\t<div class=\"elementor-gallery-item__overlay\"><\/div>\n\t\t\t\t\t\t\t\t\t\t\t\t\t\t\t<div class=\"elementor-gallery-item__content\">\n\t\t\t\t\t\t\t\t\t\t\t\t\t\t<div class=\"elementor-gallery-item__title\">\n\t\t\t\t\t\t\t\t\t\t\t\t\t\t\t\t\t\tF\u00f6rr\u00e5d Varasto\t\t\t\t\t\t\t\t<\/div>\n\t\t\t\t\t\t\t\t\t\t\t\t<\/div>\n\t\t\t\t\t\t\t\t\t<\/a>\n\t\t\t\t\t\t\t<a class=\"e-gallery-item elementor-gallery-item elementor-animated-content\" href=\"https:\/\/prdesign.fi\/wp-content\/uploads\/2020\/10\/2.jpg\" data-elementor-open-lightbox=\"yes\" data-elementor-lightbox-slideshow=\"ec1cbfb\" data-elementor-lightbox-title=\"G\u00e4ststuga Vierasmaja\" data-e-action-hash=\"#elementor-action%3Aaction%3Dlightbox%26settings%3DeyJpZCI6MTI5MywidXJsIjoiaHR0cHM6XC9cL3ByZGVzaWduLmZpXC93cC1jb250ZW50XC91cGxvYWRzXC8yMDIwXC8xMFwvMi5qcGciLCJzbGlkZXNob3ciOiJlYzFjYmZiIn0%3D\">\n\t\t\t\t\t<div class=\"e-gallery-image elementor-gallery-item__image\" data-thumbnail=\"https:\/\/prdesign.fi\/wp-content\/uploads\/2020\/10\/2-300x203.jpg\" data-width=\"300\" data-height=\"203\" aria-label=\"G\u00e4ststuga Vierasmaja\" role=\"img\" ><\/div>\n\t\t\t\t\t\t\t\t\t\t\t<div class=\"elementor-gallery-item__overlay\"><\/div>\n\t\t\t\t\t\t\t\t\t\t\t\t\t\t\t<div class=\"elementor-gallery-item__content\">\n\t\t\t\t\t\t\t\t\t\t\t\t\t\t<div class=\"elementor-gallery-item__title\">\n\t\t\t\t\t\t\t\t\t\t\t\t\t\t\t\t\t\tG\u00e4ststuga Vierasmaja\t\t\t\t\t\t\t\t<\/div>\n\t\t\t\t\t\t\t\t\t\t\t\t<\/div>\n\t\t\t\t\t\t\t\t\t<\/a>\n\t\t\t\t\t\t\t<a class=\"e-gallery-item elementor-gallery-item elementor-animated-content\" href=\"https:\/\/prdesign.fi\/wp-content\/uploads\/2020\/10\/1.jpg\" data-elementor-open-lightbox=\"yes\" data-elementor-lightbox-slideshow=\"ec1cbfb\" data-elementor-lightbox-title=\"Bastu Sauna\" data-e-action-hash=\"#elementor-action%3Aaction%3Dlightbox%26settings%3DeyJpZCI6MTI5MiwidXJsIjoiaHR0cHM6XC9cL3ByZGVzaWduLmZpXC93cC1jb250ZW50XC91cGxvYWRzXC8yMDIwXC8xMFwvMS5qcGciLCJzbGlkZXNob3ciOiJlYzFjYmZiIn0%3D\">\n\t\t\t\t\t<div class=\"e-gallery-image elementor-gallery-item__image\" data-thumbnail=\"https:\/\/prdesign.fi\/wp-content\/uploads\/2020\/10\/1-300x264.jpg\" data-width=\"300\" data-height=\"264\" aria-label=\"Bastu Sauna\" role=\"img\" ><\/div>\n\t\t\t\t\t\t\t\t\t\t\t<div class=\"elementor-gallery-item__overlay\"><\/div>\n\t\t\t\t\t\t\t\t\t\t\t\t\t\t\t<div class=\"elementor-gallery-item__content\">\n\t\t\t\t\t\t\t\t\t\t\t\t\t\t<div class=\"elementor-gallery-item__title\">\n\t\t\t\t\t\t\t\t\t\t\t\t\t\t\t\t\t\tBastu Sauna\t\t\t\t\t\t\t\t<\/div>\n\t\t\t\t\t\t\t\t\t\t\t\t<\/div>\n\t\t\t\t\t\t\t\t\t<\/a>\n\t\t\t\t\t<\/div>\n\t\t\t<\/div>\n\t\t\t\t<\/div>\n\t\t\t\t<div class=\"elementor-element elementor-element-f5289cc elementor-invisible elementor-widget elementor-widget-text-editor\" data-id=\"f5289cc\" data-element_type=\"widget\" data-settings=\"{&quot;_animation&quot;:&quot;fadeIn&quot;}\" data-widget_type=\"text-editor.default\">\n\t\t\t\t<div class=\"elementor-widget-container\">\n\t\t\t\t\t\t\t<p style=\"text-align: left;\"><span style=\"text-align: center; font-family: var( --e-global-typography-text-font-family ), Sans-serif;\">Tarvitsetteko lis\u00e4\u00e4 <\/span><a href=\"https:\/\/prdesign.fi\/fi\/special\/\">varastotilaa<\/a>\u00a0tai <a href=\"https:\/\/prdesign.fi\/fi\/special\/\">tallia<\/a> ruohonleikkurille\/ ATV:lle? Tai ehk\u00e4 <a href=\"https:\/\/prdesign.fi\/fi\/gaststuga\/\">vierasmajan kes\u00e4tontille tai<\/a> tai\u00a0<a href=\"https:\/\/prdesign.fi\/fi\/bastu\/\">saunarakennuksen<\/a>?\u00a0<br \/><span style=\"font-family: var( --e-global-typography-text-font-family ), Sans-serif;\">Voimme toimittaa kustannustehokkaita moduuli ratkaisuja ja my\u00f6s r\u00e4\u00e4t\u00e4l\u00f6ityj\u00e4 ratkaisuja avaimen k\u00e4teen -periaatteella.<\/span><\/p><p style=\"text-align: left;\"><a style=\"font-family: var( --e-global-typography-text-font-family ), Sans-serif; background-color: #ffffff;\" href=\"https:\/\/prdesign.fi\/fi\/kontakt\/\">Olkaa yhteydess\u00e4<\/a><span style=\"font-family: var( --e-global-typography-text-font-family ), Sans-serif;\"> niin l\u00f6yd\u00e4mme varmasti jotain mik\u00e4 sopii juuri teid\u00e4n tarkoituksiin.<\/span><\/p>\t\t\t\t\t\t<\/div>\n\t\t\t\t<\/div>\n\t\t\t\t\t<\/div>\n\t\t<\/div>\n\t\t\t\t\t<\/div>\n\t\t<\/section>\n\t\t\t\t<\/div>","protected":false},"excerpt":{"rendered":"<p>H\u00f6gklassiga modulbyggnader fr\u00e5n Kimito\u00f6n Vi tillverkar h\u00f6gklassiga v\u00e4lgjorda mindre f\u00f6rr\u00e5dsbyggnader, g\u00e4ststugor, bastun och liknande i moduler. Transport fram till tomten som hela byggnader eller i mindre moduler. \u00c4ven i sk\u00e4rg\u00e5rden. Kontakta oss L\u00e4s mera Puttes och Rolles Design, PR Design, tillverkar f\u00f6rr\u00e5d i moduler och andra g\u00e5rdsbyggnader p\u00e5 best\u00e4llning. Tillverkningen sker i egna utrymmen p\u00e5 [&hellip;]<\/p>","protected":false},"author":1,"featured_media":0,"parent":0,"menu_order":0,"comment_status":"closed","ping_status":"closed","template":"","meta":{"footnotes":""},"class_list":["post-49","page","type-page","status-publish","hentry"],"_links":{"self":[{"href":"https:\/\/prdesign.fi\/fi\/wp-json\/wp\/v2\/pages\/49"}],"collection":[{"href":"https:\/\/prdesign.fi\/fi\/wp-json\/wp\/v2\/pages"}],"about":[{"href":"https:\/\/prdesign.fi\/fi\/wp-json\/wp\/v2\/types\/page"}],"author":[{"embeddable":true,"href":"https:\/\/prdesign.fi\/fi\/wp-json\/wp\/v2\/users\/1"}],"replies":[{"embeddable":true,"href":"https:\/\/prdesign.fi\/fi\/wp-json\/wp\/v2\/comments?post=49"}],"version-history":[{"count":336,"href":"https:\/\/prdesign.fi\/fi\/wp-json\/wp\/v2\/pages\/49\/revisions"}],"predecessor-version":[{"id":1556,"href":"https:\/\/prdesign.fi\/fi\/wp-json\/wp\/v2\/pages\/49\/revisions\/1556"}],"wp:attachment":[{"href":"https:\/\/prdesign.fi\/fi\/wp-json\/wp\/v2\/media?parent=49"}],"curies":[{"name":"wp","href":"https:\/\/api.w.org\/{rel}","templated":true}]}}