{"id":1415,"date":"2020-11-04T12:26:02","date_gmt":"2020-11-04T09:26:02","guid":{"rendered":"http:\/\/prdesign.fi\/?page_id=1415"},"modified":"2020-11-13T14:37:25","modified_gmt":"2020-11-13T12:37:25","slug":"ovrigt","status":"publish","type":"page","link":"https:\/\/prdesign.fi\/fi\/ovrigt\/","title":{"rendered":"Muuta"},"content":{"rendered":"<div data-elementor-type=\"wp-page\" data-elementor-id=\"1415\" class=\"elementor elementor-1415\" data-elementor-post-type=\"page\">\n\t\t\t\t\t\t<section class=\"elementor-section elementor-top-section elementor-element elementor-element-faa4dcb elementor-section-boxed elementor-section-height-default elementor-section-height-default\" data-id=\"faa4dcb\" data-element_type=\"section\">\n\t\t\t\t\t\t<div class=\"elementor-container elementor-column-gap-default\">\n\t\t\t\t\t<div class=\"elementor-column elementor-col-100 elementor-top-column elementor-element elementor-element-25c443c\" data-id=\"25c443c\" data-element_type=\"column\">\n\t\t\t<div class=\"elementor-widget-wrap elementor-element-populated\">\n\t\t\t\t\t\t<div class=\"elementor-element elementor-element-cc506e2 elementor-widget elementor-widget-heading\" data-id=\"cc506e2\" data-element_type=\"widget\" data-widget_type=\"heading.default\">\n\t\t\t\t<div class=\"elementor-widget-container\">\n\t\t\t<h2 class=\"elementor-heading-title elementor-size-default\">Tuotteet\/ Muuta<\/h2>\t\t<\/div>\n\t\t\t\t<\/div>\n\t\t\t\t\t<\/div>\n\t\t<\/div>\n\t\t\t\t\t<\/div>\n\t\t<\/section>\n\t\t\t\t<section class=\"elementor-section elementor-top-section elementor-element elementor-element-5513cf9 elementor-section-boxed elementor-section-height-default elementor-section-height-default\" data-id=\"5513cf9\" data-element_type=\"section\">\n\t\t\t\t\t\t<div class=\"elementor-container elementor-column-gap-default\">\n\t\t\t\t\t<div class=\"elementor-column elementor-col-100 elementor-top-column elementor-element elementor-element-59c5cd1\" data-id=\"59c5cd1\" data-element_type=\"column\">\n\t\t\t<div class=\"elementor-widget-wrap elementor-element-populated\">\n\t\t\t\t\t\t<div class=\"elementor-element elementor-element-1cca5fd elementor-widget elementor-widget-text-editor\" data-id=\"1cca5fd\" data-element_type=\"widget\" data-widget_type=\"text-editor.default\">\n\t\t\t\t<div class=\"elementor-widget-container\">\n\t\t\t\t\t\t\t<p>Jos tarvitset ulkokeitti\u00f6n, voimme rakentaa sellaisen. Tai hieman hienompi kuivak\u00e4ym\u00e4l\u00e4 esimerkiksi lehtikuusesta.<\/p><p>Tule pyynt\u00f6si kanssa niin me j\u00e4rjest\u00e4mme sen.<\/p>\t\t\t\t\t\t<\/div>\n\t\t\t\t<\/div>\n\t\t\t\t<div class=\"elementor-element elementor-element-423ad15 uael-img-grid__column-3 uael-img-grid-tablet__column-3 uael-img-grid-mobile__column-2 uael-ins-normal uael-img-caption-valign-bottom elementor-invisible elementor-widget elementor-widget-uael-image-gallery\" data-id=\"423ad15\" data-element_type=\"widget\" data-settings=\"{&quot;gallery_columns&quot;:&quot;3&quot;,&quot;_animation&quot;:&quot;fadeIn&quot;,&quot;gallery_columns_tablet&quot;:&quot;3&quot;,&quot;gallery_columns_mobile&quot;:&quot;2&quot;,&quot;lightbox_margin_bottom&quot;:{&quot;unit&quot;:&quot;px&quot;,&quot;size&quot;:&quot;&quot;,&quot;sizes&quot;:[]},&quot;lightbox_margin_bottom_tablet&quot;:{&quot;unit&quot;:&quot;px&quot;,&quot;size&quot;:&quot;&quot;,&quot;sizes&quot;:[]},&quot;lightbox_margin_bottom_mobile&quot;:{&quot;unit&quot;:&quot;px&quot;,&quot;size&quot;:&quot;&quot;,&quot;sizes&quot;:[]},&quot;column_gap&quot;:{&quot;unit&quot;:&quot;px&quot;,&quot;size&quot;:20,&quot;sizes&quot;:[]},&quot;column_gap_tablet&quot;:{&quot;unit&quot;:&quot;px&quot;,&quot;size&quot;:&quot;&quot;,&quot;sizes&quot;:[]},&quot;column_gap_mobile&quot;:{&quot;unit&quot;:&quot;px&quot;,&quot;size&quot;:&quot;&quot;,&quot;sizes&quot;:[]},&quot;row_gap&quot;:{&quot;unit&quot;:&quot;px&quot;,&quot;size&quot;:20,&quot;sizes&quot;:[]},&quot;row_gap_tablet&quot;:{&quot;unit&quot;:&quot;px&quot;,&quot;size&quot;:&quot;&quot;,&quot;sizes&quot;:[]},&quot;row_gap_mobile&quot;:{&quot;unit&quot;:&quot;px&quot;,&quot;size&quot;:&quot;&quot;,&quot;sizes&quot;:[]},&quot;images_valign&quot;:&quot;flex-start&quot;,&quot;caption_padding&quot;:{&quot;unit&quot;:&quot;px&quot;,&quot;top&quot;:&quot;&quot;,&quot;right&quot;:&quot;&quot;,&quot;bottom&quot;:&quot;&quot;,&quot;left&quot;:&quot;&quot;,&quot;isLinked&quot;:true},&quot;caption_padding_tablet&quot;:{&quot;unit&quot;:&quot;px&quot;,&quot;top&quot;:&quot;&quot;,&quot;right&quot;:&quot;&quot;,&quot;bottom&quot;:&quot;&quot;,&quot;left&quot;:&quot;&quot;,&quot;isLinked&quot;:true},&quot;caption_padding_mobile&quot;:{&quot;unit&quot;:&quot;px&quot;,&quot;top&quot;:&quot;&quot;,&quot;right&quot;:&quot;&quot;,&quot;bottom&quot;:&quot;&quot;,&quot;left&quot;:&quot;&quot;,&quot;isLinked&quot;:true}}\" data-widget_type=\"uael-image-gallery.default\">\n\t\t\t\t<div class=\"elementor-widget-container\">\n\t\t\t<div class=\"uael-gallery-parent uael-caption-on-hover uael-gallery-unjustified\"><div class=\"uael-img-gallery-wrap uael-img-grid-wrap uael-img-grid-masonry-wrap uael-image-lightbox-wrap\" data-filter-default=\"All\" data-lightbox_actions=\"[&quot;close&quot;]\" data-lightbox-gallery-loop=\"\"><div class=\"uael-grid-item  uael-img-gallery-item-1\"><div class=\"uael-grid-item-content\"><a class=\"uael-grid-img uael-grid-gallery-img uael-ins-hover elementor-clickable\" data-fancybox=\"uael-gallery\" data-caption=\"\u00d6vrigt 1\" href=\"https:\/\/prdesign.fi\/wp-content\/uploads\/2020\/11\/ovrigt1.jpeg\" data-elementor-open-lightbox=\"no\"><div class=\"uael-grid-img-thumbnail uael-ins-target\"><img fetchpriority=\"high\" decoding=\"async\" width=\"225\" height=\"300\" src=\"https:\/\/prdesign.fi\/wp-content\/uploads\/2020\/11\/ovrigt1-225x300.jpeg\" class=\"attachment-medium size-medium wp-image-1431\" alt=\"\u00d6vrigt 1\" srcset=\"https:\/\/prdesign.fi\/wp-content\/uploads\/2020\/11\/ovrigt1-225x300.jpeg 225w, https:\/\/prdesign.fi\/wp-content\/uploads\/2020\/11\/ovrigt1-768x1024.jpeg 768w, https:\/\/prdesign.fi\/wp-content\/uploads\/2020\/11\/ovrigt1.jpeg 1048w\" sizes=\"(max-width: 225px) 100vw, 225px\" \/><\/div><div class=\"uael-grid-img-overlay\"><\/div><\/a><figcaption class=\"uael-grid-img-content\"><div class=\"uael-grid-img-caption\"><h4 class=\"uael-grid-caption-text\">\u00d6vrigt 1<\/h4><\/div><\/figcaption><\/div><\/div><div class=\"uael-grid-item  uael-img-gallery-item-2\"><div class=\"uael-grid-item-content\"><a class=\"uael-grid-img uael-grid-gallery-img uael-ins-hover elementor-clickable\" data-fancybox=\"uael-gallery\" data-caption=\"\u00d6vrigt 2\" href=\"https:\/\/prdesign.fi\/wp-content\/uploads\/2020\/11\/ovrigt2.jpeg\" data-elementor-open-lightbox=\"no\"><div class=\"uael-grid-img-thumbnail uael-ins-target\"><img decoding=\"async\" width=\"300\" height=\"225\" src=\"https:\/\/prdesign.fi\/wp-content\/uploads\/2020\/11\/ovrigt2-300x225.jpeg\" class=\"attachment-medium size-medium wp-image-1432\" alt=\"\u00d6vrigt 2\" srcset=\"https:\/\/prdesign.fi\/wp-content\/uploads\/2020\/11\/ovrigt2-300x225.jpeg 300w, https:\/\/prdesign.fi\/wp-content\/uploads\/2020\/11\/ovrigt2-1024x768.jpeg 1024w, https:\/\/prdesign.fi\/wp-content\/uploads\/2020\/11\/ovrigt2-768x576.jpeg 768w, https:\/\/prdesign.fi\/wp-content\/uploads\/2020\/11\/ovrigt2-1536x1152.jpeg 1536w, https:\/\/prdesign.fi\/wp-content\/uploads\/2020\/11\/ovrigt2.jpeg 1571w\" sizes=\"(max-width: 300px) 100vw, 300px\" \/><\/div><div class=\"uael-grid-img-overlay\"><\/div><\/a><figcaption class=\"uael-grid-img-content\"><div class=\"uael-grid-img-caption\"><h4 class=\"uael-grid-caption-text\">\u00d6vrigt 2<\/h4><\/div><\/figcaption><\/div><\/div><div class=\"uael-grid-item  uael-img-gallery-item-3\"><div class=\"uael-grid-item-content\"><a class=\"uael-grid-img uael-grid-gallery-img uael-ins-hover elementor-clickable\" data-fancybox=\"uael-gallery\" data-caption=\"\u00d6vrigt 3\" href=\"https:\/\/prdesign.fi\/wp-content\/uploads\/2020\/11\/ovrigt3.jpeg\" data-elementor-open-lightbox=\"no\"><div class=\"uael-grid-img-thumbnail uael-ins-target\"><img decoding=\"async\" width=\"225\" height=\"300\" src=\"https:\/\/prdesign.fi\/wp-content\/uploads\/2020\/11\/ovrigt3-225x300.jpeg\" class=\"attachment-medium size-medium wp-image-1433\" alt=\"\u00d6vrigt 3\" srcset=\"https:\/\/prdesign.fi\/wp-content\/uploads\/2020\/11\/ovrigt3-225x300.jpeg 225w, https:\/\/prdesign.fi\/wp-content\/uploads\/2020\/11\/ovrigt3-768x1024.jpeg 768w, https:\/\/prdesign.fi\/wp-content\/uploads\/2020\/11\/ovrigt3.jpeg 1111w\" sizes=\"(max-width: 225px) 100vw, 225px\" \/><\/div><div class=\"uael-grid-img-overlay\"><\/div><\/a><figcaption class=\"uael-grid-img-content\"><div class=\"uael-grid-img-caption\"><h4 class=\"uael-grid-caption-text\">\u00d6vrigt 3<\/h4><\/div><\/figcaption><\/div><\/div><\/div><\/div>\t\t<\/div>\n\t\t\t\t<\/div>\n\t\t\t\t\t<\/div>\n\t\t<\/div>\n\t\t\t\t\t<\/div>\n\t\t<\/section>\n\t\t\t\t<\/div>","protected":false},"excerpt":{"rendered":"<p>Beh\u00f6ver du utek\u00f6k kan vi laga det. Eller ett lite finare torrdass t ex med panel av l\u00e4rktr\u00e4. Kom med ditt \u00f6nskem\u00e5l s\u00e5 ordnar vi det. \u00d6vrigt 1 \u00d6vrigt 2 \u00d6vrigt 3<\/p>","protected":false},"author":1,"featured_media":0,"parent":0,"menu_order":0,"comment_status":"closed","ping_status":"closed","template":"","meta":{"footnotes":""},"class_list":["post-1415","page","type-page","status-publish","hentry"],"_links":{"self":[{"href":"https:\/\/prdesign.fi\/fi\/wp-json\/wp\/v2\/pages\/1415"}],"collection":[{"href":"https:\/\/prdesign.fi\/fi\/wp-json\/wp\/v2\/pages"}],"about":[{"href":"https:\/\/prdesign.fi\/fi\/wp-json\/wp\/v2\/types\/page"}],"author":[{"embeddable":true,"href":"https:\/\/prdesign.fi\/fi\/wp-json\/wp\/v2\/users\/1"}],"replies":[{"embeddable":true,"href":"https:\/\/prdesign.fi\/fi\/wp-json\/wp\/v2\/comments?post=1415"}],"version-history":[{"count":6,"href":"https:\/\/prdesign.fi\/fi\/wp-json\/wp\/v2\/pages\/1415\/revisions"}],"predecessor-version":[{"id":1546,"href":"https:\/\/prdesign.fi\/fi\/wp-json\/wp\/v2\/pages\/1415\/revisions\/1546"}],"wp:attachment":[{"href":"https:\/\/prdesign.fi\/fi\/wp-json\/wp\/v2\/media?parent=1415"}],"curies":[{"name":"wp","href":"https:\/\/api.w.org\/{rel}","templated":true}]}}