{"id":1410,"date":"2020-11-04T11:51:27","date_gmt":"2020-11-04T08:51:27","guid":{"rendered":"http:\/\/prdesign.fi\/?page_id=1410"},"modified":"2020-11-13T14:39:37","modified_gmt":"2020-11-13T12:39:37","slug":"uterum","status":"publish","type":"page","link":"https:\/\/prdesign.fi\/fi\/uterum\/","title":{"rendered":"Ulkotila"},"content":{"rendered":"<div data-elementor-type=\"wp-page\" data-elementor-id=\"1410\" class=\"elementor elementor-1410\" data-elementor-post-type=\"page\">\n\t\t\t\t\t\t<section class=\"elementor-section elementor-top-section elementor-element elementor-element-faa4dcb elementor-section-boxed elementor-section-height-default elementor-section-height-default\" data-id=\"faa4dcb\" data-element_type=\"section\">\n\t\t\t\t\t\t<div class=\"elementor-container elementor-column-gap-default\">\n\t\t\t\t\t<div class=\"elementor-column elementor-col-100 elementor-top-column elementor-element elementor-element-25c443c\" data-id=\"25c443c\" data-element_type=\"column\">\n\t\t\t<div class=\"elementor-widget-wrap elementor-element-populated\">\n\t\t\t\t\t\t<div class=\"elementor-element elementor-element-cc506e2 elementor-widget elementor-widget-heading\" data-id=\"cc506e2\" data-element_type=\"widget\" data-widget_type=\"heading.default\">\n\t\t\t\t<div class=\"elementor-widget-container\">\n\t\t\t<h2 class=\"elementor-heading-title elementor-size-default\">Tuotteet\/ Ulkotila<\/h2>\t\t<\/div>\n\t\t\t\t<\/div>\n\t\t\t\t\t<\/div>\n\t\t<\/div>\n\t\t\t\t\t<\/div>\n\t\t<\/section>\n\t\t\t\t<section class=\"elementor-section elementor-top-section elementor-element elementor-element-585beb2 elementor-section-boxed elementor-section-height-default elementor-section-height-default\" data-id=\"585beb2\" data-element_type=\"section\">\n\t\t\t\t\t\t<div class=\"elementor-container elementor-column-gap-default\">\n\t\t\t\t\t<div class=\"elementor-column elementor-col-100 elementor-top-column elementor-element elementor-element-ac69bee\" data-id=\"ac69bee\" data-element_type=\"column\">\n\t\t\t<div class=\"elementor-widget-wrap elementor-element-populated\">\n\t\t\t\t\t\t<div class=\"elementor-element elementor-element-7826f71 elementor-widget elementor-widget-text-editor\" data-id=\"7826f71\" data-element_type=\"widget\" data-widget_type=\"text-editor.default\">\n\t\t\t\t<div class=\"elementor-widget-container\">\n\t\t\t\t\t\t\t<p>Haluatko nauttia luonnosta j\u00e4\u00e4tym\u00e4tt\u00e4 tai p\u00e4\u00e4tym\u00e4tt\u00e4 poispuhaltamaksi? Tai voida grillata ja sy\u00f6d\u00e4 katon alla ulkona. Silloin tarvitset ulkotilan! Siin\u00e4 on suuret avattavat lasisein\u00e4t ja se voidaan varustaa ulkokeitti\u00f6ll\u00e4 tai k\u00e4ytt\u00e4\u00e4 vierastalona.<\/p><p>Valmistettu osittain elementtein\u00e4. koon p\u00e4\u00e4t\u00e4t sin\u00e4.<\/p>\t\t\t\t\t\t<\/div>\n\t\t\t\t<\/div>\n\t\t\t\t\t<\/div>\n\t\t<\/div>\n\t\t\t\t\t<\/div>\n\t\t<\/section>\n\t\t\t\t<\/div>","protected":false},"excerpt":{"rendered":"<p>Vill du njuta av naturen utan att frysa eller bl\u00e5sa bort? Eller kunna grilla och kunna \u00e4ta under tak utomhus. D\u00e5 beh\u00f6ver du ett uterum! Det har stora \u00f6ppningsbara glasv\u00e4ggar och kan inredas med utek\u00f6k eller anv\u00e4ndas som g\u00e4ststuga. Tillverkas delvis i element. Storleken best\u00e4mmer du.<\/p>","protected":false},"author":1,"featured_media":0,"parent":0,"menu_order":0,"comment_status":"closed","ping_status":"closed","template":"","meta":{"footnotes":""},"class_list":["post-1410","page","type-page","status-publish","hentry"],"_links":{"self":[{"href":"https:\/\/prdesign.fi\/fi\/wp-json\/wp\/v2\/pages\/1410"}],"collection":[{"href":"https:\/\/prdesign.fi\/fi\/wp-json\/wp\/v2\/pages"}],"about":[{"href":"https:\/\/prdesign.fi\/fi\/wp-json\/wp\/v2\/types\/page"}],"author":[{"embeddable":true,"href":"https:\/\/prdesign.fi\/fi\/wp-json\/wp\/v2\/users\/1"}],"replies":[{"embeddable":true,"href":"https:\/\/prdesign.fi\/fi\/wp-json\/wp\/v2\/comments?post=1410"}],"version-history":[{"count":5,"href":"https:\/\/prdesign.fi\/fi\/wp-json\/wp\/v2\/pages\/1410\/revisions"}],"predecessor-version":[{"id":1550,"href":"https:\/\/prdesign.fi\/fi\/wp-json\/wp\/v2\/pages\/1410\/revisions\/1550"}],"wp:attachment":[{"href":"https:\/\/prdesign.fi\/fi\/wp-json\/wp\/v2\/media?parent=1410"}],"curies":[{"name":"wp","href":"https:\/\/api.w.org\/{rel}","templated":true}]}}