{"id":1408,"date":"2020-11-04T11:50:55","date_gmt":"2020-11-04T09:50:55","guid":{"rendered":"http:\/\/prdesign.fi\/?page_id=1408"},"modified":"2020-11-13T14:38:23","modified_gmt":"2020-11-13T12:38:23","slug":"special","status":"publish","type":"page","link":"https:\/\/prdesign.fi\/fi\/special\/","title":{"rendered":"Erikoisvarastot"},"content":{"rendered":"<div data-elementor-type=\"wp-page\" data-elementor-id=\"1408\" class=\"elementor elementor-1408\" data-elementor-post-type=\"page\">\n\t\t\t\t\t\t<section class=\"elementor-section elementor-top-section elementor-element elementor-element-faa4dcb elementor-section-boxed elementor-section-height-default elementor-section-height-default\" data-id=\"faa4dcb\" data-element_type=\"section\">\n\t\t\t\t\t\t<div class=\"elementor-container elementor-column-gap-default\">\n\t\t\t\t\t<div class=\"elementor-column elementor-col-100 elementor-top-column elementor-element elementor-element-25c443c\" data-id=\"25c443c\" data-element_type=\"column\">\n\t\t\t<div class=\"elementor-widget-wrap elementor-element-populated\">\n\t\t\t\t\t\t<div class=\"elementor-element elementor-element-cc506e2 elementor-widget elementor-widget-heading\" data-id=\"cc506e2\" data-element_type=\"widget\" data-widget_type=\"heading.default\">\n\t\t\t\t<div class=\"elementor-widget-container\">\n\t\t\t<h2 class=\"elementor-heading-title elementor-size-default\">Tuotteet\/ Erikoisvarastot<\/h2>\t\t<\/div>\n\t\t\t\t<\/div>\n\t\t\t\t\t<\/div>\n\t\t<\/div>\n\t\t\t\t\t<\/div>\n\t\t<\/section>\n\t\t\t\t<section class=\"elementor-section elementor-top-section elementor-element elementor-element-9460f57 elementor-section-boxed elementor-section-height-default elementor-section-height-default\" data-id=\"9460f57\" data-element_type=\"section\">\n\t\t\t\t\t\t<div class=\"elementor-container elementor-column-gap-default\">\n\t\t\t\t\t<div class=\"elementor-column elementor-col-100 elementor-top-column elementor-element elementor-element-40703eb\" data-id=\"40703eb\" data-element_type=\"column\">\n\t\t\t<div class=\"elementor-widget-wrap elementor-element-populated\">\n\t\t\t\t\t\t<div class=\"elementor-element elementor-element-8f0f7cd elementor-widget elementor-widget-text-editor\" data-id=\"8f0f7cd\" data-element_type=\"widget\" data-widget_type=\"text-editor.default\">\n\t\t\t\t<div class=\"elementor-widget-container\">\n\t\t\t\t\t\t\t<p>Jos haluat hieman suuremman s\u00e4ilytystilan tai ett\u00e4 se tulisi rakentaa toisen talon yhteyteen, teemme my\u00f6s sen. Jos kyseess\u00e4 on erillinen varasto k\u00e4yt\u00e4mme usein samoja sein\u00e4elementtej\u00e4 kuin tavallisissa varastoissamme. Valitse, haluatko koota sen itse vai teemmek\u00f6 sen kokonaan vai osittain.<\/p><p>Saatavuudesta ja koosta riippuen voimme my\u00f6s valmistaa sen salissamme ja toimittaa avaimet k\u00e4teen -toimituksena.<\/p>\t\t\t\t\t\t<\/div>\n\t\t\t\t<\/div>\n\t\t\t\t<div class=\"elementor-element elementor-element-67b8c54 uael-img-grid__column-3 uael-img-grid-tablet__column-3 uael-img-grid-mobile__column-2 uael-ins-normal uael-img-caption-valign-bottom elementor-invisible elementor-widget elementor-widget-uael-image-gallery\" data-id=\"67b8c54\" data-element_type=\"widget\" data-settings=\"{&quot;gallery_columns&quot;:&quot;3&quot;,&quot;_animation&quot;:&quot;fadeIn&quot;,&quot;gallery_columns_tablet&quot;:&quot;3&quot;,&quot;gallery_columns_mobile&quot;:&quot;2&quot;,&quot;lightbox_margin_bottom&quot;:{&quot;unit&quot;:&quot;px&quot;,&quot;size&quot;:&quot;&quot;,&quot;sizes&quot;:[]},&quot;lightbox_margin_bottom_tablet&quot;:{&quot;unit&quot;:&quot;px&quot;,&quot;size&quot;:&quot;&quot;,&quot;sizes&quot;:[]},&quot;lightbox_margin_bottom_mobile&quot;:{&quot;unit&quot;:&quot;px&quot;,&quot;size&quot;:&quot;&quot;,&quot;sizes&quot;:[]},&quot;column_gap&quot;:{&quot;unit&quot;:&quot;px&quot;,&quot;size&quot;:20,&quot;sizes&quot;:[]},&quot;column_gap_tablet&quot;:{&quot;unit&quot;:&quot;px&quot;,&quot;size&quot;:&quot;&quot;,&quot;sizes&quot;:[]},&quot;column_gap_mobile&quot;:{&quot;unit&quot;:&quot;px&quot;,&quot;size&quot;:&quot;&quot;,&quot;sizes&quot;:[]},&quot;row_gap&quot;:{&quot;unit&quot;:&quot;px&quot;,&quot;size&quot;:20,&quot;sizes&quot;:[]},&quot;row_gap_tablet&quot;:{&quot;unit&quot;:&quot;px&quot;,&quot;size&quot;:&quot;&quot;,&quot;sizes&quot;:[]},&quot;row_gap_mobile&quot;:{&quot;unit&quot;:&quot;px&quot;,&quot;size&quot;:&quot;&quot;,&quot;sizes&quot;:[]},&quot;images_valign&quot;:&quot;flex-start&quot;,&quot;caption_padding&quot;:{&quot;unit&quot;:&quot;px&quot;,&quot;top&quot;:&quot;&quot;,&quot;right&quot;:&quot;&quot;,&quot;bottom&quot;:&quot;&quot;,&quot;left&quot;:&quot;&quot;,&quot;isLinked&quot;:true},&quot;caption_padding_tablet&quot;:{&quot;unit&quot;:&quot;px&quot;,&quot;top&quot;:&quot;&quot;,&quot;right&quot;:&quot;&quot;,&quot;bottom&quot;:&quot;&quot;,&quot;left&quot;:&quot;&quot;,&quot;isLinked&quot;:true},&quot;caption_padding_mobile&quot;:{&quot;unit&quot;:&quot;px&quot;,&quot;top&quot;:&quot;&quot;,&quot;right&quot;:&quot;&quot;,&quot;bottom&quot;:&quot;&quot;,&quot;left&quot;:&quot;&quot;,&quot;isLinked&quot;:true}}\" data-widget_type=\"uael-image-gallery.default\">\n\t\t\t\t<div class=\"elementor-widget-container\">\n\t\t\t<div class=\"uael-gallery-parent uael-caption-on-hover uael-gallery-unjustified\"><div class=\"uael-img-gallery-wrap uael-img-grid-wrap uael-img-grid-masonry-wrap uael-image-lightbox-wrap\" data-filter-default=\"All\" data-lightbox_actions=\"[&quot;close&quot;]\" data-lightbox-gallery-loop=\"\"><div class=\"uael-grid-item  uael-img-gallery-item-1\"><div class=\"uael-grid-item-content\"><a class=\"uael-grid-img uael-grid-gallery-img uael-ins-hover elementor-clickable\" data-fancybox=\"uael-gallery\" data-caption=\"Special 1\" href=\"https:\/\/prdesign.fi\/wp-content\/uploads\/2020\/11\/produktbild_special1.jpeg\" data-elementor-open-lightbox=\"no\"><div class=\"uael-grid-img-thumbnail uael-ins-target\"><img fetchpriority=\"high\" decoding=\"async\" width=\"300\" height=\"225\" src=\"https:\/\/prdesign.fi\/wp-content\/uploads\/2020\/11\/produktbild_special1-300x225.jpeg\" class=\"attachment-medium size-medium wp-image-1428\" alt=\"Special 1\" srcset=\"https:\/\/prdesign.fi\/wp-content\/uploads\/2020\/11\/produktbild_special1-300x225.jpeg 300w, https:\/\/prdesign.fi\/wp-content\/uploads\/2020\/11\/produktbild_special1-1024x768.jpeg 1024w, https:\/\/prdesign.fi\/wp-content\/uploads\/2020\/11\/produktbild_special1-768x576.jpeg 768w, https:\/\/prdesign.fi\/wp-content\/uploads\/2020\/11\/produktbild_special1.jpeg 1280w\" sizes=\"(max-width: 300px) 100vw, 300px\" \/><\/div><div class=\"uael-grid-img-overlay\"><\/div><\/a><figcaption class=\"uael-grid-img-content\"><div class=\"uael-grid-img-caption\"><h4 class=\"uael-grid-caption-text\">Special 1<\/h4><\/div><\/figcaption><\/div><\/div><div class=\"uael-grid-item  uael-img-gallery-item-2\"><div class=\"uael-grid-item-content\"><a class=\"uael-grid-img uael-grid-gallery-img uael-ins-hover elementor-clickable\" data-fancybox=\"uael-gallery\" data-caption=\"Special 1b\" href=\"https:\/\/prdesign.fi\/wp-content\/uploads\/2020\/11\/produktbild_special1b.jpeg\" data-elementor-open-lightbox=\"no\"><div class=\"uael-grid-img-thumbnail uael-ins-target\"><img decoding=\"async\" width=\"300\" height=\"225\" src=\"https:\/\/prdesign.fi\/wp-content\/uploads\/2020\/11\/produktbild_special1b-300x225.jpeg\" class=\"attachment-medium size-medium wp-image-1427\" alt=\"Special 1b\" srcset=\"https:\/\/prdesign.fi\/wp-content\/uploads\/2020\/11\/produktbild_special1b-300x225.jpeg 300w, https:\/\/prdesign.fi\/wp-content\/uploads\/2020\/11\/produktbild_special1b-1024x768.jpeg 1024w, https:\/\/prdesign.fi\/wp-content\/uploads\/2020\/11\/produktbild_special1b-768x576.jpeg 768w, https:\/\/prdesign.fi\/wp-content\/uploads\/2020\/11\/produktbild_special1b.jpeg 1212w\" sizes=\"(max-width: 300px) 100vw, 300px\" \/><\/div><div class=\"uael-grid-img-overlay\"><\/div><\/a><figcaption class=\"uael-grid-img-content\"><div class=\"uael-grid-img-caption\"><h4 class=\"uael-grid-caption-text\">Special 1b<\/h4><\/div><\/figcaption><\/div><\/div><div class=\"uael-grid-item  uael-img-gallery-item-3\"><div class=\"uael-grid-item-content\"><a class=\"uael-grid-img uael-grid-gallery-img uael-ins-hover elementor-clickable\" data-fancybox=\"uael-gallery\" data-caption=\"Special 2\" href=\"https:\/\/prdesign.fi\/wp-content\/uploads\/2020\/11\/produktbild_special2.jpeg\" data-elementor-open-lightbox=\"no\"><div class=\"uael-grid-img-thumbnail uael-ins-target\"><img decoding=\"async\" width=\"300\" height=\"225\" src=\"https:\/\/prdesign.fi\/wp-content\/uploads\/2020\/11\/produktbild_special2-300x225.jpeg\" class=\"attachment-medium size-medium wp-image-1425\" alt=\"Special 2\" srcset=\"https:\/\/prdesign.fi\/wp-content\/uploads\/2020\/11\/produktbild_special2-300x225.jpeg 300w, https:\/\/prdesign.fi\/wp-content\/uploads\/2020\/11\/produktbild_special2-768x576.jpeg 768w, https:\/\/prdesign.fi\/wp-content\/uploads\/2020\/11\/produktbild_special2.jpeg 1021w\" sizes=\"(max-width: 300px) 100vw, 300px\" \/><\/div><div class=\"uael-grid-img-overlay\"><\/div><\/a><figcaption class=\"uael-grid-img-content\"><div class=\"uael-grid-img-caption\"><h4 class=\"uael-grid-caption-text\">Special 2<\/h4><\/div><\/figcaption><\/div><\/div><div class=\"uael-grid-item  uael-img-gallery-item-4\"><div class=\"uael-grid-item-content\"><a class=\"uael-grid-img uael-grid-gallery-img uael-ins-hover elementor-clickable\" data-fancybox=\"uael-gallery\" data-caption=\"Special 2b\" href=\"https:\/\/prdesign.fi\/wp-content\/uploads\/2020\/11\/produktbild_special2b.jpeg\" data-elementor-open-lightbox=\"no\"><div class=\"uael-grid-img-thumbnail uael-ins-target\"><img loading=\"lazy\" decoding=\"async\" width=\"300\" height=\"225\" src=\"https:\/\/prdesign.fi\/wp-content\/uploads\/2020\/11\/produktbild_special2b-300x225.jpeg\" class=\"attachment-medium size-medium wp-image-1424\" alt=\"Special 2b\" srcset=\"https:\/\/prdesign.fi\/wp-content\/uploads\/2020\/11\/produktbild_special2b-300x225.jpeg 300w, https:\/\/prdesign.fi\/wp-content\/uploads\/2020\/11\/produktbild_special2b-768x576.jpeg 768w, https:\/\/prdesign.fi\/wp-content\/uploads\/2020\/11\/produktbild_special2b.jpeg 943w\" sizes=\"(max-width: 300px) 100vw, 300px\" \/><\/div><div class=\"uael-grid-img-overlay\"><\/div><\/a><figcaption class=\"uael-grid-img-content\"><div class=\"uael-grid-img-caption\"><h4 class=\"uael-grid-caption-text\">Special 2b<\/h4><\/div><\/figcaption><\/div><\/div><div class=\"uael-grid-item  uael-img-gallery-item-5\"><div class=\"uael-grid-item-content\"><a class=\"uael-grid-img uael-grid-gallery-img uael-ins-hover elementor-clickable\" data-fancybox=\"uael-gallery\" data-caption=\"Special 3\" href=\"https:\/\/prdesign.fi\/wp-content\/uploads\/2020\/11\/produktbild_special3.jpeg\" data-elementor-open-lightbox=\"no\"><div class=\"uael-grid-img-thumbnail uael-ins-target\"><img loading=\"lazy\" decoding=\"async\" width=\"300\" height=\"225\" src=\"https:\/\/prdesign.fi\/wp-content\/uploads\/2020\/11\/produktbild_special3-300x225.jpeg\" class=\"attachment-medium size-medium wp-image-1426\" alt=\"Special 3\" srcset=\"https:\/\/prdesign.fi\/wp-content\/uploads\/2020\/11\/produktbild_special3-300x225.jpeg 300w, https:\/\/prdesign.fi\/wp-content\/uploads\/2020\/11\/produktbild_special3-768x576.jpeg 768w, https:\/\/prdesign.fi\/wp-content\/uploads\/2020\/11\/produktbild_special3.jpeg 981w\" sizes=\"(max-width: 300px) 100vw, 300px\" \/><\/div><div class=\"uael-grid-img-overlay\"><\/div><\/a><figcaption class=\"uael-grid-img-content\"><div class=\"uael-grid-img-caption\"><h4 class=\"uael-grid-caption-text\">Special 3<\/h4><\/div><\/figcaption><\/div><\/div><\/div><\/div>\t\t<\/div>\n\t\t\t\t<\/div>\n\t\t\t\t\t<\/div>\n\t\t<\/div>\n\t\t\t\t\t<\/div>\n\t\t<\/section>\n\t\t\t\t<\/div>","protected":false},"excerpt":{"rendered":"<p>Vill du ha ett lite st\u00f6rre f\u00f6rr\u00e5d eller att det ska byggas ihop med ett annat hus fixar vi det ocks\u00e5. \u00c4r det ett frist\u00e5ende f\u00f6rr\u00e5d anv\u00e4nder vi ofta samma v\u00e4ggelement som i v\u00e5ra standardf\u00f6rr\u00e5d. V\u00e4lj om du vill montera den sj\u00e4lv eller att vi g\u00f6r det helt eller delvis. Beroende p\u00e5 tillg\u00e4nglighet och storlek [&hellip;]<\/p>","protected":false},"author":1,"featured_media":0,"parent":0,"menu_order":0,"comment_status":"closed","ping_status":"closed","template":"","meta":{"footnotes":""},"class_list":["post-1408","page","type-page","status-publish","hentry"],"_links":{"self":[{"href":"https:\/\/prdesign.fi\/fi\/wp-json\/wp\/v2\/pages\/1408"}],"collection":[{"href":"https:\/\/prdesign.fi\/fi\/wp-json\/wp\/v2\/pages"}],"about":[{"href":"https:\/\/prdesign.fi\/fi\/wp-json\/wp\/v2\/types\/page"}],"author":[{"embeddable":true,"href":"https:\/\/prdesign.fi\/fi\/wp-json\/wp\/v2\/users\/1"}],"replies":[{"embeddable":true,"href":"https:\/\/prdesign.fi\/fi\/wp-json\/wp\/v2\/comments?post=1408"}],"version-history":[{"count":7,"href":"https:\/\/prdesign.fi\/fi\/wp-json\/wp\/v2\/pages\/1408\/revisions"}],"predecessor-version":[{"id":1547,"href":"https:\/\/prdesign.fi\/fi\/wp-json\/wp\/v2\/pages\/1408\/revisions\/1547"}],"wp:attachment":[{"href":"https:\/\/prdesign.fi\/fi\/wp-json\/wp\/v2\/media?parent=1408"}],"curies":[{"name":"wp","href":"https:\/\/api.w.org\/{rel}","templated":true}]}}