{"id":1369,"date":"2020-10-29T12:24:19","date_gmt":"2020-10-29T09:24:19","guid":{"rendered":"http:\/\/prdesign.fi\/?page_id=1369"},"modified":"2020-11-13T14:35:32","modified_gmt":"2020-11-13T12:35:32","slug":"gaststuga","status":"publish","type":"page","link":"https:\/\/prdesign.fi\/fi\/gaststuga\/","title":{"rendered":"Vierasmaja"},"content":{"rendered":"<div data-elementor-type=\"wp-page\" data-elementor-id=\"1369\" class=\"elementor elementor-1369\" data-elementor-post-type=\"page\">\n\t\t\t\t\t\t<section class=\"elementor-section elementor-top-section elementor-element elementor-element-faa4dcb elementor-section-boxed elementor-section-height-default elementor-section-height-default\" data-id=\"faa4dcb\" data-element_type=\"section\">\n\t\t\t\t\t\t<div class=\"elementor-container elementor-column-gap-default\">\n\t\t\t\t\t<div class=\"elementor-column elementor-col-100 elementor-top-column elementor-element elementor-element-25c443c\" data-id=\"25c443c\" data-element_type=\"column\">\n\t\t\t<div class=\"elementor-widget-wrap elementor-element-populated\">\n\t\t\t\t\t\t<div class=\"elementor-element elementor-element-cc506e2 elementor-widget elementor-widget-heading\" data-id=\"cc506e2\" data-element_type=\"widget\" data-widget_type=\"heading.default\">\n\t\t\t\t<div class=\"elementor-widget-container\">\n\t\t\t<h2 class=\"elementor-heading-title elementor-size-default\">Tuotteet\/ Vierasmaja<\/h2>\t\t<\/div>\n\t\t\t\t<\/div>\n\t\t\t\t<div class=\"elementor-element elementor-element-8b21550 elementor-widget elementor-widget-text-editor\" data-id=\"8b21550\" data-element_type=\"widget\" data-widget_type=\"text-editor.default\">\n\t\t\t\t<div class=\"elementor-widget-container\">\n\t\t\t\t\t\t\t<p>Vierasmajamme valmistetaan toiveidesi mukaan. Aloitamme yleens\u00e4 normaalista varastotilasta ja t\u00e4ydenn\u00e4mme sitten haluamillasi materiaaleilla sein\u00e4t ja lattiat. Sein\u00e4t ovat yleens\u00e4 v\u00e4hint\u00e4\u00e4n 10 cm paksuja ja eristettyj\u00e4 mik\u00e4 tarkoittaa, ett\u00e4 saadaan hyv\u00e4n \u00e4\u00e4nieristyksen. Lis\u00e4ksi ne pit\u00e4v\u00e4t l\u00e4mm\u00f6n hyvin verrattuna vain puusta tehtyihin seiniin.<\/p><p>Saatavuudesta ja koosta riippuen voimme my\u00f6s valmistaa sen salissamme ja toimittaa avaimet k\u00e4teen -toimituksena.<\/p>\t\t\t\t\t\t<\/div>\n\t\t\t\t<\/div>\n\t\t\t\t\t<\/div>\n\t\t<\/div>\n\t\t\t\t\t<\/div>\n\t\t<\/section>\n\t\t\t\t<section class=\"elementor-section elementor-top-section elementor-element elementor-element-9ec3822 elementor-section-boxed elementor-section-height-default elementor-section-height-default\" data-id=\"9ec3822\" data-element_type=\"section\">\n\t\t\t\t\t\t<div class=\"elementor-container elementor-column-gap-default\">\n\t\t\t\t\t<div class=\"elementor-column elementor-col-100 elementor-top-column elementor-element elementor-element-4cbdb8b\" data-id=\"4cbdb8b\" data-element_type=\"column\">\n\t\t\t<div class=\"elementor-widget-wrap elementor-element-populated\">\n\t\t\t\t\t\t<div class=\"elementor-element elementor-element-ce5f9c8 uael-img-grid__column-3 uael-img-grid-tablet__column-3 uael-img-grid-mobile__column-2 uael-ins-normal uael-img-caption-valign-bottom elementor-invisible elementor-widget elementor-widget-uael-image-gallery\" data-id=\"ce5f9c8\" data-element_type=\"widget\" data-settings=\"{&quot;gallery_columns&quot;:&quot;3&quot;,&quot;_animation&quot;:&quot;fadeIn&quot;,&quot;gallery_columns_tablet&quot;:&quot;3&quot;,&quot;gallery_columns_mobile&quot;:&quot;2&quot;,&quot;lightbox_margin_bottom&quot;:{&quot;unit&quot;:&quot;px&quot;,&quot;size&quot;:&quot;&quot;,&quot;sizes&quot;:[]},&quot;lightbox_margin_bottom_tablet&quot;:{&quot;unit&quot;:&quot;px&quot;,&quot;size&quot;:&quot;&quot;,&quot;sizes&quot;:[]},&quot;lightbox_margin_bottom_mobile&quot;:{&quot;unit&quot;:&quot;px&quot;,&quot;size&quot;:&quot;&quot;,&quot;sizes&quot;:[]},&quot;column_gap&quot;:{&quot;unit&quot;:&quot;px&quot;,&quot;size&quot;:20,&quot;sizes&quot;:[]},&quot;column_gap_tablet&quot;:{&quot;unit&quot;:&quot;px&quot;,&quot;size&quot;:&quot;&quot;,&quot;sizes&quot;:[]},&quot;column_gap_mobile&quot;:{&quot;unit&quot;:&quot;px&quot;,&quot;size&quot;:&quot;&quot;,&quot;sizes&quot;:[]},&quot;row_gap&quot;:{&quot;unit&quot;:&quot;px&quot;,&quot;size&quot;:20,&quot;sizes&quot;:[]},&quot;row_gap_tablet&quot;:{&quot;unit&quot;:&quot;px&quot;,&quot;size&quot;:&quot;&quot;,&quot;sizes&quot;:[]},&quot;row_gap_mobile&quot;:{&quot;unit&quot;:&quot;px&quot;,&quot;size&quot;:&quot;&quot;,&quot;sizes&quot;:[]},&quot;images_valign&quot;:&quot;flex-start&quot;,&quot;caption_padding&quot;:{&quot;unit&quot;:&quot;px&quot;,&quot;top&quot;:&quot;&quot;,&quot;right&quot;:&quot;&quot;,&quot;bottom&quot;:&quot;&quot;,&quot;left&quot;:&quot;&quot;,&quot;isLinked&quot;:true},&quot;caption_padding_tablet&quot;:{&quot;unit&quot;:&quot;px&quot;,&quot;top&quot;:&quot;&quot;,&quot;right&quot;:&quot;&quot;,&quot;bottom&quot;:&quot;&quot;,&quot;left&quot;:&quot;&quot;,&quot;isLinked&quot;:true},&quot;caption_padding_mobile&quot;:{&quot;unit&quot;:&quot;px&quot;,&quot;top&quot;:&quot;&quot;,&quot;right&quot;:&quot;&quot;,&quot;bottom&quot;:&quot;&quot;,&quot;left&quot;:&quot;&quot;,&quot;isLinked&quot;:true}}\" data-widget_type=\"uael-image-gallery.default\">\n\t\t\t\t<div class=\"elementor-widget-container\">\n\t\t\t<div class=\"uael-gallery-parent uael-caption-on-hover uael-gallery-unjustified\"><div class=\"uael-img-gallery-wrap uael-img-grid-wrap uael-img-grid-masonry-wrap uael-image-lightbox-wrap\" data-filter-default=\"All\" data-lightbox_actions=\"[&quot;close&quot;]\" data-lightbox-gallery-loop=\"\"><div class=\"uael-grid-item  uael-img-gallery-item-1\"><div class=\"uael-grid-item-content\"><a class=\"uael-grid-img uael-grid-gallery-img uael-ins-hover elementor-clickable\" data-fancybox=\"uael-gallery\" data-caption=\"G\u00e4ststuga Vierasmaja\" href=\"https:\/\/prdesign.fi\/wp-content\/uploads\/2020\/10\/2.jpg\" data-elementor-open-lightbox=\"no\"><div class=\"uael-grid-img-thumbnail uael-ins-target\"><img fetchpriority=\"high\" decoding=\"async\" width=\"300\" height=\"203\" src=\"https:\/\/prdesign.fi\/wp-content\/uploads\/2020\/10\/2-300x203.jpg\" class=\"attachment-medium size-medium wp-image-1293\" alt=\"G\u00e4ststuga Vierasmaja\" srcset=\"https:\/\/prdesign.fi\/wp-content\/uploads\/2020\/10\/2-300x203.jpg 300w, https:\/\/prdesign.fi\/wp-content\/uploads\/2020\/10\/2-768x520.jpg 768w, https:\/\/prdesign.fi\/wp-content\/uploads\/2020\/10\/2.jpg 830w\" sizes=\"(max-width: 300px) 100vw, 300px\" \/><\/div><div class=\"uael-grid-img-overlay\"><\/div><\/a><figcaption class=\"uael-grid-img-content\"><div class=\"uael-grid-img-caption\"><h4 class=\"uael-grid-caption-text\">G\u00e4ststuga Vierasmaja<\/h4><\/div><\/figcaption><\/div><\/div><\/div><\/div>\t\t<\/div>\n\t\t\t\t<\/div>\n\t\t\t\t\t<\/div>\n\t\t<\/div>\n\t\t\t\t\t<\/div>\n\t\t<\/section>\n\t\t\t\t<\/div>","protected":false},"excerpt":{"rendered":"<p>V\u00e5ra g\u00e4ststugor tillverkas enligt dina \u00f6nskem\u00e5l. Oftast utg\u00e5r vi fr\u00e5n ett av standardf\u00f6rr\u00e5den och kompletterar sedan med det material du vill ha p\u00e5 v\u00e4ggar och golv. V\u00e4ggarna \u00e4r oftast minst 10cm tjocka och isolerade vilket g\u00f6r att man f\u00e5r ljudisolering. Dessutom h\u00e5ller de v\u00e4rmen bra j\u00e4mf\u00f6rt med v\u00e4ggar som bara \u00e4r gjorda av tr\u00e4. Beroende [&hellip;]<\/p>","protected":false},"author":1,"featured_media":0,"parent":0,"menu_order":0,"comment_status":"closed","ping_status":"closed","template":"","meta":{"footnotes":""},"class_list":["post-1369","page","type-page","status-publish","hentry"],"_links":{"self":[{"href":"https:\/\/prdesign.fi\/fi\/wp-json\/wp\/v2\/pages\/1369"}],"collection":[{"href":"https:\/\/prdesign.fi\/fi\/wp-json\/wp\/v2\/pages"}],"about":[{"href":"https:\/\/prdesign.fi\/fi\/wp-json\/wp\/v2\/types\/page"}],"author":[{"embeddable":true,"href":"https:\/\/prdesign.fi\/fi\/wp-json\/wp\/v2\/users\/1"}],"replies":[{"embeddable":true,"href":"https:\/\/prdesign.fi\/fi\/wp-json\/wp\/v2\/comments?post=1369"}],"version-history":[{"count":9,"href":"https:\/\/prdesign.fi\/fi\/wp-json\/wp\/v2\/pages\/1369\/revisions"}],"predecessor-version":[{"id":1543,"href":"https:\/\/prdesign.fi\/fi\/wp-json\/wp\/v2\/pages\/1369\/revisions\/1543"}],"wp:attachment":[{"href":"https:\/\/prdesign.fi\/fi\/wp-json\/wp\/v2\/media?parent=1369"}],"curies":[{"name":"wp","href":"https:\/\/api.w.org\/{rel}","templated":true}]}}